{"id":3086,"date":"2025-07-02T15:19:51","date_gmt":"2025-07-02T13:19:51","guid":{"rendered":"https:\/\/www.mindlapse.ai\/?page_id=3086"},"modified":"2025-10-07T11:15:15","modified_gmt":"2025-10-07T09:15:15","slug":"newsroom","status":"publish","type":"page","link":"https:\/\/www.mindlapse.ai\/en\/newsroom\/","title":{"rendered":"Mindlapse Newsroom"},"content":{"rendered":"<h1>\n<div class=\"relative flex-col gap-1 md:gap-3\">\n<div class=\"flex max-w-full flex-col grow\">\n<div data-message-author-role=\"assistant\" data-message-id=\"51fcb628-12eb-4574-af6c-65bb62908bba\" dir=\"auto\" class=\"min-h-8 text-message relative flex w-full flex-col items-end gap-2 text-start break-words whitespace-normal [.text-message+&amp;]:mt-5\" data-message-model-slug=\"o3\">\n<div class=\"flex w-full flex-col gap-1 empty:hidden first:pt-[3px]\">\n<div class=\"markdown prose dark:prose-invert w-full break-words light\">\n<p data-start=\"0\" data-end=\"36\" data-is-last-node=\"\" data-is-only-node=\"\">Bienvenue dans la <br \/>Newsroom Mindlapse<\/p>\n<\/div>\n<\/div>\n<\/div>\n<\/div>\n<\/div>\n<div class=\"aria-live=polite absolute\">\n<div class=\"flex items-center justify-center\"><\/div>\n<\/div>\n<\/h1>\n<div>\n<p>Votre guichet unique pour nos derni\u00e8res actualit\u00e9s et points de vue.<\/p>\n<\/div>\n<p><img decoding=\"async\" src=\"\/wp-content\/uploads\/blog-hero.svg\" alt=\"\" title=\"\"><\/p>\n<ul>\n<li>\n        <a href=\"\/fr\/newsroom\/\">All<\/a>\n    <\/li>\n<li>\n        <a href=\"\/fr\/newsroom-announcements\/\">Annonces<\/a>\n    <\/li>\n<li>\n        <a href=\"\/fr\/inside-our-minds\/\">Points de vue<\/a>\n    <\/li>\n<li>\n        <a href=\"\/fr\/press-releases\/\">Releases<\/a>\n    <\/li>\n<li>\n        <a href=\"\/fr\/events-conferences\/\">\u00c9v\u00e9nements &#038; conf\u00e9rences<\/a>\n    <\/li>\n<\/ul>\n<div>\n<\/div>\n<hr>\n<p><!--more--><br \/>\n<!-- {\"type\":\"layout\",\"children\":[{\"type\":\"section\",\"props\":{\"header_transparent\":true,\"header_transparent_text_color\":\"dark\",\"image_position\":\"center-center\",\"padding\":\"large\",\"padding_remove_bottom\":true,\"style\":\"default\",\"title_breakpoint\":\"xl\",\"title_position\":\"top-left\",\"title_rotation\":\"left\",\"vertical_align\":\"\",\"width\":\"default\"},\"children\":[{\"type\":\"row\",\"props\":{\"column_gap\":\"collapse\"},\"children\":[{\"type\":\"column\",\"props\":{\"image_position\":\"center-center\",\"position_sticky_breakpoint\":\"m\"},\"children\":[{\"type\":\"headline\",\"props\":{\"content\":\"Welcome to the<br \\\/>Mindlapse Newsroom\",\"content_fr_fr\":\"\n\n<div class=\\\"relative flex-col gap-1 md:gap-3\\\">\\n\n\n<div class=\\\"flex max-w-full flex-col grow\\\">\\n\n\n<div data-message-author-role=\\\"assistant\\\" data-message-id=\\\"51fcb628-12eb-4574-af6c-65bb62908bba\\\" dir=\\\"auto\\\" class=\\\"min-h-8 text-message relative flex w-full flex-col items-end gap-2 text-start break-words whitespace-normal [.text-message+&amp;]:mt-5\\\" data-message-model-slug=\\\"o3\\\">\\n\n\n<div class=\\\"flex w-full flex-col gap-1 empty:hidden first:pt-[3px]\\\">\\n\n\n<div class=\\\"markdown prose dark:prose-invert w-full break-words light\\\">\\n\n\n<p data-start=\\\"0\\\" data-end=\\\"36\\\" data-is-last-node=\\\"\\\" data-is-only-node=\\\"\\\">Bienvenue dans la <br \\\/>Newsroom Mindlapse<\\\/p>\\n<\\\/div>\\n<\\\/div>\\n<\\\/div>\\n<\\\/div>\\n<\\\/div>\\n\n\n<div class=\\\"aria-live=polite absolute\\\">\\n\n\n<div class=\\\"flex items-center justify-center\\\"><\\\/div>\\n<\\\/div>\",\"position\":\"relative\",\"position_z_index\":\"1\",\"text_align\":\"left\",\"text_align_breakpoint\":\"m\",\"text_align_fallback\":\"center\",\"title_element\":\"h1\",\"title_style\":\"heading-small\"}},{\"type\":\"text\",\"props\":{\"block_align_breakpoint\":\"m\",\"block_align_fallback\":\"center\",\"column_breakpoint\":\"m\",\"content\":\"\n\n<div class=\\\"relative flex-col gap-1 md:gap-3\\\">\\n\n\n<div class=\\\"flex max-w-full flex-col grow\\\">\\n\n\n<div data-message-author-role=\\\"assistant\\\" data-message-id=\\\"b9ffce83-fe6e-4691-9c68-26ebc5d0fe16\\\" dir=\\\"auto\\\" class=\\\"min-h-8 text-message relative flex w-full flex-col items-end gap-2 text-start break-words whitespace-normal [.text-message+&amp;]:mt-5\\\" data-message-model-slug=\\\"o3\\\">\\n\n\n<div class=\\\"flex w-full flex-col gap-1 empty:hidden first:pt-[3px]\\\">\\n\n\n<div class=\\\"markdown prose dark:prose-invert w-full break-words light\\\">\\n\n\n<div class=\\\"flex max-w-full flex-col grow\\\">\\n\n\n<div data-message-author-role=\\\"assistant\\\" data-message-id=\\\"ce7848df-8f18-4dc9-9ed3-cc85fc28f1e3\\\" dir=\\\"auto\\\" class=\\\"min-h-8 text-message relative flex w-full flex-col items-end gap-2 text-start break-words whitespace-normal [.text-message+&amp;]:mt-5\\\" data-message-model-slug=\\\"gpt-4o\\\">\\n\n\n<div class=\\\"flex w-full flex-col gap-1 empty:hidden first:pt-[3px]\\\">\\n\n\n<div class=\\\"markdown prose dark:prose-invert w-full break-words light\\\">\\n\n\n<p data-start=\\\"0\\\" data-end=\\\"51\\\" data-is-last-node=\\\"\\\" data-is-only-node=\\\"\\\">Your one-stop hub for our latest news and insights.<\\\/p>\\n<\\\/div>\\n<\\\/div>\\n<\\\/div>\\n<\\\/div>\\n\n\n<div class=\\\"mt-3 w-full empty:hidden\\\">\\n\n\n<div class=\\\"text-center\\\">\\n\n\n<div>\\n\n\n<div class=\\\"inline-flex border border-gray-100 dark:border-gray-700 rounded-xl\\\">\\n\n\n<div class=\\\"text-token-text-secondary flex items-center justify-center gap-4 px-4 py-2.5 text-sm whitespace-nowrap\\\"><\\\/div>\\n<\\\/div>\\n<\\\/div>\\n<\\\/div>\\n<\\\/div>\\n<\\\/div>\\n<\\\/div>\\n<\\\/div>\\n<\\\/div>\\n<\\\/div>\\n\n\n<div class=\\\"aria-live=polite absolute\\\">\\n\n\n<div class=\\\"flex items-center justify-center\\\"><\\\/div>\\n<\\\/div>\",\"content_fr_fr\":\"\n\n<p>Votre guichet unique pour nos derni\\u00e8res actualit\\u00e9s et points de vue.<\\\/p>\",\"margin\":\"default\",\"maxwidth\":\"large\",\"position\":\"relative\",\"position_z_index\":\"1\",\"text_align\":\"left\",\"text_align_breakpoint\":\"m\",\"text_align_fallback\":\"center\",\"text_style\":\"lead\"}},{\"type\":\"image\",\"props\":{\"animation\":\"fade\",\"image\":\"wp-content\\\/uploads\\\/blog-hero.svg\",\"image_loading\":true,\"image_svg_animate\":false,\"image_svg_color\":\"emphasis\",\"image_svg_inline\":true,\"image_width\":\"1050\",\"margin\":\"default\",\"position\":\"absolute\",\"position_left\":\"16vw\",\"position_top\":\"-12vh\",\"position_z_index\":\"0\",\"visibility\":\"m\"}}]}]}],\"name\":\"Hero\"},{\"type\":\"section\",\"props\":{\"image_position\":\"center-center\",\"padding\":\"large\",\"padding_remove_bottom\":true,\"style\":\"default\",\"title_breakpoint\":\"xl\",\"title_position\":\"top-left\",\"title_rotation\":\"left\",\"vertical_align\":\"\",\"width\":\"large\"},\"children\":[{\"type\":\"row\",\"props\":{\"margin\":\"xlarge\",\"margin_remove_bottom\":true,\"width\":\"default\"},\"children\":[{\"type\":\"column\",\"props\":{\"image_position\":\"center-center\",\"position_sticky_breakpoint\":\"m\"},\"children\":[{\"type\":\"subnav\",\"props\":{\"subnav_style\":\"divider\",\"text_align\":\"center\"},\"children\":[{\"type\":\"subnav_item\",\"props\":{\"active\":true,\"content\":\"All\",\"link\":\"newsroom\\\/\",\"link_fr_fr\":\"fr\\\/newsroom\\\/\"}},{\"type\":\"subnav_item\",\"props\":{\"active\":false,\"content\":\"Announcements\",\"content_fr_fr\":\"Annonces\",\"link\":\"newsroom-announcements\\\/\",\"link_fr_fr\":\"fr\\\/newsroom-announcements\\\/\"}},{\"type\":\"subnav_item\",\"props\":{\"active\":false,\"content\":\"Inside Our Minds\",\"content_fr_fr\":\"Points de vue\",\"link\":\"inside-our-minds\\\/\",\"link_fr_fr\":\"fr\\\/inside-our-minds\\\/\"}},{\"type\":\"subnav_item\",\"props\":{\"content\":\"Releases\",\"link\":\"press-releases\\\/\",\"link_fr_fr\":\"fr\\\/press-releases\\\/\"}},{\"type\":\"subnav_item\",\"props\":{\"content\":\"Events & Conferences\",\"content_fr_fr\":\"\\u00c9v\\u00e9nements & conf\\u00e9rences\",\"link\":\"events-conferences\\\/\",\"link_fr_fr\":\"fr\\\/events-conferences\\\/\"}}]},{\"type\":\"grid\",\"props\":{\"content_align\":true,\"content_column_breakpoint\":\"m\",\"content_margin\":\"medium\",\"filter_align\":\"left\",\"filter_all\":true,\"filter_grid_breakpoint\":\"m\",\"filter_grid_width\":\"auto\",\"filter_position\":\"top\",\"filter_style\":\"tab\",\"grid_default\":\"1\",\"grid_medium\":\"3\",\"grid_row_gap\":\"large\",\"grid_small\":\"2\",\"icon_width\":80,\"image_align\":\"top\",\"image_grid_breakpoint\":\"m\",\"image_grid_width\":\"1-2\",\"image_link\":false,\"image_svg_color\":\"emphasis\",\"image_width\":\"610\",\"item_animation\":true,\"lightbox_bg_close\":true,\"link_style\":\"text\",\"link_text\":\"Read More\",\"margin\":\"large\",\"meta_align\":\"above-title\",\"meta_color\":\"muted\",\"meta_element\":\"div\",\"meta_style\":\"\",\"panel_content_width\":\"small\",\"panel_expand\":\"content\",\"panel_image_no_padding\":true,\"panel_link\":true,\"panel_link_hover\":\"true\",\"panel_padding\":\"default\",\"panel_style\":\"card-default\",\"parallax_easing\":\"1\",\"show_content\":true,\"show_hover_image\":true,\"show_hover_video\":true,\"show_image\":true,\"show_link\":true,\"show_meta\":true,\"show_title\":true,\"show_video\":true,\"text_align\":\"center\",\"title_align\":\"top\",\"title_element\":\"h2\",\"title_grid_breakpoint\":\"m\",\"title_grid_width\":\"1-2\",\"title_hover_style\":\"reset\",\"title_link\":false,\"title_style\":\"h4\"},\"children\":[{\"type\":\"grid_item\",\"source\":{\"query\":{\"name\":\"posts.customPosts\",\"arguments\":{\"terms\":[39,36,38,37,40,1],\"category_operator\":\"IN\",\"post_tag_operator\":\"IN\",\"users\":[],\"users_operator\":\"IN\",\"offset\":0,\"limit\":10,\"order\":\"date\",\"order_direction\":\"DESC\"}},\"props\":{\"title\":{\"name\":\"title\"},\"link\":{\"name\":\"link\"},\"image\":{\"name\":\"featuredImage.url\"},\"meta\":{\"filters\":{\"date\":\"\"},\"name\":\"date\"},\"title_en_us\":{\"name\":\"title\"},\"meta_en_us\":{\"filters\":{\"date\":\"\"},\"name\":\"date\"},\"image_en_us\":{\"name\":\"featuredImage.url\"},\"link_en_us\":{\"name\":\"link\"}}}}],\"source\":{\"query\":{\"name\":\"posts.customPosts\",\"arguments\":{\"terms\":[39,36,38,37,40,1],\"category_operator\":\"IN\",\"post_tag_operator\":\"IN\",\"users\":[],\"users_operator\":\"IN\",\"offset\":0,\"limit\":10,\"order\":\"date\",\"order_direction\":\"DESC\"}}}},{\"type\":\"pagination\",\"props\":{\"margin\":\"large\",\"pagination_type\":\"numeric\",\"text_align\":\"center\"}}]}]},{\"type\":\"row\",\"props\":{\"margin\":\"xlarge\"},\"children\":[{\"type\":\"column\",\"props\":{\"image_position\":\"center-center\",\"position_sticky_breakpoint\":\"m\"},\"children\":[{\"type\":\"divider\",\"props\":{\"divider_element\":\"hr\"}}]}]}],\"name\":\"Posts\"}],\"version\":\"4.5.28\"} --><\/p>\n","protected":false},"excerpt":{"rendered":"<p>Bienvenue dans la Newsroom Mindlapse Votre guichet unique pour nos derni\u00e8res actualit\u00e9s et points de vue. All Annonces Points de vue Releases \u00c9v\u00e9nements &#038; conf\u00e9rences<\/p>\n","protected":false},"author":2,"featured_media":0,"parent":0,"menu_order":0,"comment_status":"closed","ping_status":"closed","template":"","meta":{"_acf_changed":false,"footnotes":""},"class_list":["post-3086","page","type-page","status-publish","hentry"],"acf":[],"_links":{"self":[{"href":"https:\/\/www.mindlapse.ai\/en\/wp-json\/wp\/v2\/pages\/3086","targetHints":{"allow":["GET"]}}],"collection":[{"href":"https:\/\/www.mindlapse.ai\/en\/wp-json\/wp\/v2\/pages"}],"about":[{"href":"https:\/\/www.mindlapse.ai\/en\/wp-json\/wp\/v2\/types\/page"}],"author":[{"embeddable":true,"href":"https:\/\/www.mindlapse.ai\/en\/wp-json\/wp\/v2\/users\/2"}],"replies":[{"embeddable":true,"href":"https:\/\/www.mindlapse.ai\/en\/wp-json\/wp\/v2\/comments?post=3086"}],"version-history":[{"count":59,"href":"https:\/\/www.mindlapse.ai\/en\/wp-json\/wp\/v2\/pages\/3086\/revisions"}],"predecessor-version":[{"id":3352,"href":"https:\/\/www.mindlapse.ai\/en\/wp-json\/wp\/v2\/pages\/3086\/revisions\/3352"}],"wp:attachment":[{"href":"https:\/\/www.mindlapse.ai\/en\/wp-json\/wp\/v2\/media?parent=3086"}],"curies":[{"name":"wp","href":"https:\/\/api.w.org\/{rel}","templated":true}]}}